{"id":357,"date":"2024-09-07T10:24:03","date_gmt":"2024-09-07T08:24:03","guid":{"rendered":"https:\/\/echecscluborgeval.fr\/?page_id=357"},"modified":"2026-01-12T22:08:46","modified_gmt":"2026-01-12T21:08:46","slug":"infos-pratiques","status":"publish","type":"page","link":"https:\/\/echecscluborgeval.fr\/?page_id=357","title":{"rendered":"Infos pratiques"},"content":{"rendered":"\n<p><span style=\"text-decoration: underline;\">Lieux :<\/span><\/p>\n\n\n\n<p>Complexe Sportif du Plateau Saint-Marc  \u2013 1, all\u00e9e Marcel Cotard \u2013 78630 Orgeval <\/p>\n\n\n\n<p>Acc\u00e8s \u00e0 la salle \u00e0 droite du gymnase et en face des cours de tennis couvert via un escalier.<\/p>\n\n\n\n<p><span style=\"text-decoration: underline;\">Horaires d&rsquo;ouvertures :<\/span><\/p>\n\n\n\n<p>S\u00e9ances adultes : Lundi soir 19h30 &#8211; 22h<br>S\u00e9ances collectives : Mercredi et samedi 14h00 &#8211; 18h00 <br>Comp\u00e9tition : Dimanche 13h00 &#8211; 20h00<\/p>\n\n\n\n<p>Le club n&rsquo;est pas ouvert pendant les vacances scolaires.<\/p>\n\n\n\n<p><span style=\"text-decoration: underline;\">Cotisations :<\/span><\/p>\n\n\n\n<ul>\n<li>Adultes : 170\u20ac pour les r\u00e9sidents d&rsquo;Orgeval (180\u20ac sinon)<\/li>\n\n\n\n<li>Jeunes (-18ans) : 140\u20ac pour les r\u00e9sidents d&rsquo;Orgeval (150\u20ac sinon)<\/li>\n\n\n\n<li>R\u00e9duction de 5\u20ac par personne suppl\u00e9mentaire de la m\u00eame famille.  <\/li>\n\n\n\n<li>Associations, entreprises, \u00e9cole: 200\u20ac<\/li>\n<\/ul>\n\n\n\n<p>La cotisation inclut l&rsquo;inscription \u00e0 la F\u00e9d\u00e9ration Fran\u00e7aise des Echecs.<\/p>\n","protected":false},"excerpt":{"rendered":"<p>Lieux : Complexe Sportif du Plateau Saint-Marc \u2013 1, all\u00e9e Marcel Cotard \u2013 78630 Orgeval Acc\u00e8s \u00e0 la salle \u00e0<\/p>\n","protected":false},"author":1,"featured_media":0,"parent":0,"menu_order":0,"comment_status":"closed","ping_status":"closed","template":"","meta":[],"_links":{"self":[{"href":"https:\/\/echecscluborgeval.fr\/index.php?rest_route=\/wp\/v2\/pages\/357"}],"collection":[{"href":"https:\/\/echecscluborgeval.fr\/index.php?rest_route=\/wp\/v2\/pages"}],"about":[{"href":"https:\/\/echecscluborgeval.fr\/index.php?rest_route=\/wp\/v2\/types\/page"}],"author":[{"embeddable":true,"href":"https:\/\/echecscluborgeval.fr\/index.php?rest_route=\/wp\/v2\/users\/1"}],"replies":[{"embeddable":true,"href":"https:\/\/echecscluborgeval.fr\/index.php?rest_route=%2Fwp%2Fv2%2Fcomments&post=357"}],"version-history":[{"count":5,"href":"https:\/\/echecscluborgeval.fr\/index.php?rest_route=\/wp\/v2\/pages\/357\/revisions"}],"predecessor-version":[{"id":454,"href":"https:\/\/echecscluborgeval.fr\/index.php?rest_route=\/wp\/v2\/pages\/357\/revisions\/454"}],"wp:attachment":[{"href":"https:\/\/echecscluborgeval.fr\/index.php?rest_route=%2Fwp%2Fv2%2Fmedia&parent=357"}],"curies":[{"name":"wp","href":"https:\/\/api.w.org\/{rel}","templated":true}]}}